{"id":993,"date":"2026-03-31T15:23:18","date_gmt":"2026-03-31T15:23:18","guid":{"rendered":"https:\/\/elescondite.org\/?post_type=product&#038;p=993"},"modified":"2026-03-31T15:23:19","modified_gmt":"2026-03-31T15:23:19","slug":"travesia-por-el-rio-guineo","status":"publish","type":"product","link":"https:\/\/elescondite.org\/en\/product\/travesia-por-el-rio-guineo\/","title":{"rendered":"Traves\u00eda por el R\u00edo Guineo"},"content":{"rendered":"<p data-start=\"430\" data-end=\"982\">Se cotiza por grupos, por favor contactarnos v\u00eda WhatsApp<\/p>\n<p data-start=\"430\" data-end=\"982\">La traves\u00eda por el r\u00edo Guineo es una experiencia de inmersi\u00f3n en la naturaleza que permite recorrer uno de los ecosistemas m\u00e1s vivos de la reserva. A lo largo del recorrido, los visitantes se conectan con el sonido del agua, el canto de las aves y la presencia silenciosa de la fauna, mientras observan el bosque en proceso de regeneraci\u00f3n. Esta actividad combina contemplaci\u00f3n, interpretaci\u00f3n ambiental y aventura suave, ofreciendo una forma consciente de habitar el territorio y comprender la relaci\u00f3n entre el agua, el bosque y la vida que sostiene.<\/p>","protected":false},"excerpt":{"rendered":"<p>Se cotiza por grupos, por favor contactarnos v\u00eda WhatsApp La traves\u00eda por el r\u00edo Guineo es una experiencia de inmersi\u00f3n en la naturaleza que permite recorrer uno de los ecosistemas m\u00e1s vivos de la reserva. A lo largo del recorrido, los visitantes se conectan con el sonido del agua, el canto de las aves y [&hellip;]<\/p>","protected":false},"featured_media":994,"comment_status":"open","ping_status":"closed","template":"","meta":[],"product_brand":[],"product_cat":[15],"product_tag":[],"class_list":{"0":"post-993","1":"product","2":"type-product","3":"status-publish","4":"has-post-thumbnail","6":"product_cat-sin-categorizar","7":"wcpa_has_options","9":"first","10":"instock","11":"shipping-taxable","12":"product-type-simple"},"jetpack_sharing_enabled":true,"_links":{"self":[{"href":"https:\/\/elescondite.org\/en\/wp-json\/wp\/v2\/product\/993","targetHints":{"allow":["GET"]}}],"collection":[{"href":"https:\/\/elescondite.org\/en\/wp-json\/wp\/v2\/product"}],"about":[{"href":"https:\/\/elescondite.org\/en\/wp-json\/wp\/v2\/types\/product"}],"replies":[{"embeddable":true,"href":"https:\/\/elescondite.org\/en\/wp-json\/wp\/v2\/comments?post=993"}],"wp:featuredmedia":[{"embeddable":true,"href":"https:\/\/elescondite.org\/en\/wp-json\/wp\/v2\/media\/994"}],"wp:attachment":[{"href":"https:\/\/elescondite.org\/en\/wp-json\/wp\/v2\/media?parent=993"}],"wp:term":[{"taxonomy":"product_brand","embeddable":true,"href":"https:\/\/elescondite.org\/en\/wp-json\/wp\/v2\/product_brand?post=993"},{"taxonomy":"product_cat","embeddable":true,"href":"https:\/\/elescondite.org\/en\/wp-json\/wp\/v2\/product_cat?post=993"},{"taxonomy":"product_tag","embeddable":true,"href":"https:\/\/elescondite.org\/en\/wp-json\/wp\/v2\/product_tag?post=993"}],"curies":[{"name":"wp","href":"https:\/\/api.w.org\/{rel}","templated":true}]}}